{"id":298,"date":"2025-10-21T14:10:48","date_gmt":"2025-10-21T12:10:48","guid":{"rendered":"https:\/\/ahsleonding.wordpress.com\/?page_id=298"},"modified":"2026-02-13T11:32:53","modified_gmt":"2026-02-13T10:32:53","slug":"tagesbetreuung-tabe","status":"publish","type":"page","link":"https:\/\/ahs-leonding.at\/index.php\/tagesbetreuung-tabe\/","title":{"rendered":"Tagesbetreuung (TABE)"},"content":{"rendered":"\n<div class=\"wp-block-group alignfull has-base-background-color has-background has-global-padding is-content-justification-center is-layout-constrained wp-block-group-is-layout-constrained\" style=\"margin-top:0;margin-bottom:0;padding-top:var(--wp--preset--spacing--40);padding-bottom:var(--wp--preset--spacing--40)\">\n<div class=\"wp-block-group has-global-padding is-layout-constrained wp-container-core-group-is-layout-ce25d29d wp-block-group-is-layout-constrained\">\n<h2 class=\"wp-block-heading alignwide has-text-align-left has-xx-large-font-size\" style=\"margin-top:0;margin-bottom:0\">TABE &#8211; Tagesbetreuung<\/h2>\n\n\n\n<p class=\"has-text-align-left is-contact-description\" style=\"padding-top:0;padding-bottom:0\">Die&nbsp;<strong>Tagesbetreuung an der Digi-AHS Leonding<\/strong>&nbsp;bietet unseren Sch\u00fcler*innen eine strukturierte, aber entspannte Nachmittagsgestaltung.<br>Lernen, Freizeit und gemeinsames Mittagessen greifen hier harmonisch ineinander \u2013 in einer Atmosph\u00e4re, in der sich Kinder wohlf\u00fchlen und konzentriert arbeiten k\u00f6nnen.<\/p>\n<\/div>\n<\/div>\n\n\n\n<div class=\"wp-block-group alignfull has-base-2-background-color has-background has-global-padding is-content-justification-center is-layout-constrained wp-block-group-is-layout-constrained\" style=\"margin-top:0;margin-bottom:0;padding-top:var(--wp--preset--spacing--40);padding-bottom:var(--wp--preset--spacing--40)\">\n<div class=\"wp-block-group has-global-padding is-layout-constrained wp-container-core-group-is-layout-ce25d29d wp-block-group-is-layout-constrained\">\n<h2 class=\"wp-block-heading alignwide has-text-align-left\" style=\"margin-top:0;margin-bottom:0\">\ud83d\udcdd Anmeldung &amp; Organisation<\/h2>\n\n\n\n<p class=\"has-text-align-left is-contact-description\" style=\"padding-top:0;padding-bottom:0\">Die&nbsp;<strong>verbindliche Anmeldung<\/strong>&nbsp;zur TABE erfolgt in der&nbsp;<strong>1. Schulwoche<\/strong>. <br>Eine&nbsp;<strong>\u00c4nderung der Besuchszeiten<\/strong>&nbsp;ist <strong>jederzeit m\u00f6glich<\/strong>. <br>Eine&nbsp;<strong>Abmeldung<\/strong>&nbsp;ist <strong>nur zum Semesterende<\/strong>&nbsp;m\u00f6glich.<\/p>\n\n\n\n<p class=\"has-text-align-left is-contact-description\" style=\"padding-top:0;padding-bottom:0\">Die TABE-Anmeldung kann hier heruntergeladen werden und ist dem Klassenvorstand abzugeben.<\/p>\n\n\n\n<div class=\"wp-block-buttons is-content-justification-center is-layout-flex wp-container-core-buttons-is-layout-d2a3880e wp-block-buttons-is-layout-flex\" style=\"margin-top:var(--wp--preset--spacing--30)\">\n<div class=\"wp-block-button\"><a class=\"wp-block-button__link has-text-align-right wp-element-button\" href=\"https:\/\/ahs-leonding.at\/wp-content\/uploads\/2026\/02\/TABE_Anmeldung.pdf\" target=\"_blank\" rel=\"noreferrer noopener\">Anmeldeformular<\/a><\/div>\n<\/div>\n<\/div>\n<\/div>\n\n\n\n<div class=\"wp-block-group alignfull has-base-background-color has-background has-global-padding is-content-justification-center is-layout-constrained wp-block-group-is-layout-constrained\" style=\"margin-top:0;margin-bottom:0;padding-top:var(--wp--preset--spacing--40);padding-bottom:var(--wp--preset--spacing--40)\">\n<div class=\"wp-block-group has-global-padding is-layout-constrained wp-container-core-group-is-layout-ce25d29d wp-block-group-is-layout-constrained\">\n<h2 class=\"wp-block-heading alignwide has-text-align-left\" style=\"margin-top:0;margin-bottom:0\">\ud83d\udcc5 Ablauf der TABE<\/h2>\n\n\n\n<p class=\"has-text-align-left is-contact-description\" style=\"padding-top:0;padding-bottom:0\"><strong>7. Stunde:<\/strong>&nbsp;Freizeit &amp; gemeinsames Mittagessen<\/p>\n\n\n\n<p><strong>8. + 9. Stunde:<\/strong>&nbsp;Haus\u00fcbungszeit (H\u00dc) oder Freizeitaktivit\u00e4ten<\/p>\n\n\n\n<p class=\"has-text-align-left is-contact-description\" style=\"padding-top:0;padding-bottom:0\">W\u00e4hrend der Lernzeit unterst\u00fctzen unsere&nbsp;<strong>Lehrer*innen<\/strong>&nbsp;die Sch\u00fcler*innen<em> <\/em>beim Erledigen der Haus\u00fcbungen und beim Lernen.<br>In der Freizeit sorgen unsere Freizeitp\u00e4dagog*innen f\u00fcr kreative, sportliche und gemeinschaftliche Aktivit\u00e4ten.<\/p>\n<\/div>\n<\/div>\n\n\n\n<div class=\"wp-block-group alignfull has-base-2-background-color has-background has-global-padding is-content-justification-center is-layout-constrained wp-block-group-is-layout-constrained\" style=\"margin-top:0;margin-bottom:0;padding-top:var(--wp--preset--spacing--40);padding-bottom:var(--wp--preset--spacing--40)\">\n<div class=\"wp-block-group has-global-padding is-layout-constrained wp-container-core-group-is-layout-ce25d29d wp-block-group-is-layout-constrained\">\n<h2 class=\"wp-block-heading alignwide has-text-align-left\" style=\"margin-top:0;margin-bottom:0\">\ud83c\udf7d\ufe0f Mittagessen TABE<\/h2>\n\n\n\n<p class=\"has-text-align-left is-contact-description\" style=\"padding-top:0;padding-bottom:0\">Ein Mittagessen ist <strong>ohne Besuch der Tagesbetreuung<\/strong>\u00a0leider nicht m\u00f6glich \u2013<br><strong>Die Anzahl der  Pl\u00e4tze <\/strong>ist begrenzt.<\/p>\n\n\n\n<p class=\"has-text-align-left is-contact-description\" style=\"padding-top:0;padding-bottom:0\">Das Formular zur Anmeldung zum Mittagessen kann hier heruntergeladen werden und ist dem Klassenvorstand abzugeben.<\/p>\n\n\n\n<div class=\"wp-block-buttons is-content-justification-center is-layout-flex wp-container-core-buttons-is-layout-d2a3880e wp-block-buttons-is-layout-flex\" style=\"margin-top:var(--wp--preset--spacing--30)\">\n<div class=\"wp-block-button\"><a class=\"wp-block-button__link has-text-align-right wp-element-button\" href=\"https:\/\/ahs-leonding.at\/wp-content\/uploads\/2026\/02\/Anmeldung_Mittagessen.pdf\" target=\"_blank\" rel=\"noreferrer noopener\">Formular Mittagessen<\/a><\/div>\n<\/div>\n<\/div>\n<\/div>\n\n\n\n<p><\/p>\n","protected":false},"excerpt":{"rendered":"<p>TABE &#8211; Tagesbetreuung Die&nbsp;Tagesbetreuung an der Digi-AHS Leonding&nbsp;bietet unseren Sch\u00fcler*innen eine strukturierte, aber entspannte Nachmittagsgestaltung.Lernen, Freizeit und gemeinsames Mittagessen greifen hier harmonisch ineinander \u2013 in einer Atmosph\u00e4re, in der sich Kinder wohlf\u00fchlen und konzentriert arbeiten k\u00f6nnen. \ud83d\udcdd Anmeldung &amp; Organisation Die&nbsp;verbindliche Anmeldung&nbsp;zur TABE erfolgt in der&nbsp;1. Schulwoche. Eine&nbsp;\u00c4nderung der Besuchszeiten&nbsp;ist jederzeit m\u00f6glich. Eine&nbsp;Abmeldung&nbsp;ist nur zum [&hellip;]<\/p>\n","protected":false},"author":1,"featured_media":0,"parent":0,"menu_order":0,"comment_status":"closed","ping_status":"closed","template":"page-no-title","meta":{"footnotes":""},"class_list":["post-298","page","type-page","status-publish","hentry"],"yoast_head":"<!-- This site is optimized with the Yoast SEO plugin v27.6 - https:\/\/yoast.com\/product\/yoast-seo-wordpress\/ -->\n<title>Tagesbetreuung (TABE) - Digi-AHS Leonding<\/title>\n<meta name=\"description\" content=\"Die\u00a0Tagesbetreuung an der Digi-AHS Leonding\u00a0bietet unseren Sch\u00fcler*innen eine strukturierte Nachmittagsgestaltung.\" \/>\n<meta name=\"robots\" content=\"index, follow, max-snippet:-1, max-image-preview:large, max-video-preview:-1\" \/>\n<link rel=\"canonical\" href=\"https:\/\/ahs-leonding.at\/index.php\/tagesbetreuung-tabe\/\" \/>\n<meta property=\"og:locale\" content=\"de_DE\" \/>\n<meta property=\"og:type\" content=\"article\" \/>\n<meta property=\"og:title\" content=\"Tagesbetreuung (TABE) - Digi-AHS Leonding\" \/>\n<meta property=\"og:description\" content=\"Die\u00a0Tagesbetreuung an der Digi-AHS Leonding\u00a0bietet unseren Sch\u00fcler*innen eine strukturierte Nachmittagsgestaltung.\" \/>\n<meta property=\"og:url\" content=\"https:\/\/ahs-leonding.at\/index.php\/tagesbetreuung-tabe\/\" \/>\n<meta property=\"og:site_name\" content=\"Digi-AHS Leonding\" \/>\n<meta property=\"article:modified_time\" content=\"2026-02-13T10:32:53+00:00\" \/>\n<meta name=\"twitter:card\" content=\"summary_large_image\" \/>\n<meta name=\"twitter:label1\" content=\"Gesch\u00e4tzte Lesezeit\" \/>\n\t<meta name=\"twitter:data1\" content=\"1\u00a0Minute\" \/>\n<script type=\"application\/ld+json\" class=\"yoast-schema-graph\">{\"@context\":\"https:\\\/\\\/schema.org\",\"@graph\":[{\"@type\":\"WebPage\",\"@id\":\"https:\\\/\\\/ahs-leonding.at\\\/index.php\\\/tagesbetreuung-tabe\\\/\",\"url\":\"https:\\\/\\\/ahs-leonding.at\\\/index.php\\\/tagesbetreuung-tabe\\\/\",\"name\":\"Tagesbetreuung (TABE) - Digi-AHS Leonding\",\"isPartOf\":{\"@id\":\"https:\\\/\\\/ahs-leonding.at\\\/#website\"},\"datePublished\":\"2025-10-21T12:10:48+00:00\",\"dateModified\":\"2026-02-13T10:32:53+00:00\",\"description\":\"Die\u00a0Tagesbetreuung an der Digi-AHS Leonding\u00a0bietet unseren Sch\u00fcler*innen eine strukturierte Nachmittagsgestaltung.\",\"breadcrumb\":{\"@id\":\"https:\\\/\\\/ahs-leonding.at\\\/index.php\\\/tagesbetreuung-tabe\\\/#breadcrumb\"},\"inLanguage\":\"de\",\"potentialAction\":[{\"@type\":\"ReadAction\",\"target\":[\"https:\\\/\\\/ahs-leonding.at\\\/index.php\\\/tagesbetreuung-tabe\\\/\"]}]},{\"@type\":\"BreadcrumbList\",\"@id\":\"https:\\\/\\\/ahs-leonding.at\\\/index.php\\\/tagesbetreuung-tabe\\\/#breadcrumb\",\"itemListElement\":[{\"@type\":\"ListItem\",\"position\":1,\"name\":\"Start\",\"item\":\"https:\\\/\\\/ahs-leonding.at\\\/\"},{\"@type\":\"ListItem\",\"position\":2,\"name\":\"Tagesbetreuung (TABE)\"}]},{\"@type\":\"WebSite\",\"@id\":\"https:\\\/\\\/ahs-leonding.at\\\/#website\",\"url\":\"https:\\\/\\\/ahs-leonding.at\\\/\",\"name\":\"Digi-AHS Leonding\",\"description\":\"Die AHS mit Digi-Schwerpunkt in Leonding\",\"publisher\":{\"@id\":\"https:\\\/\\\/ahs-leonding.at\\\/#organization\"},\"potentialAction\":[{\"@type\":\"SearchAction\",\"target\":{\"@type\":\"EntryPoint\",\"urlTemplate\":\"https:\\\/\\\/ahs-leonding.at\\\/?s={search_term_string}\"},\"query-input\":{\"@type\":\"PropertyValueSpecification\",\"valueRequired\":true,\"valueName\":\"search_term_string\"}}],\"inLanguage\":\"de\"},{\"@type\":\"Organization\",\"@id\":\"https:\\\/\\\/ahs-leonding.at\\\/#organization\",\"name\":\"Digi-AHS Leonding\",\"url\":\"https:\\\/\\\/ahs-leonding.at\\\/\",\"logo\":{\"@type\":\"ImageObject\",\"inLanguage\":\"de\",\"@id\":\"https:\\\/\\\/ahs-leonding.at\\\/#\\\/schema\\\/logo\\\/image\\\/\",\"url\":\"https:\\\/\\\/ahs-leonding.at\\\/wp-content\\\/uploads\\\/2026\\\/02\\\/digi-AHS.png\",\"contentUrl\":\"https:\\\/\\\/ahs-leonding.at\\\/wp-content\\\/uploads\\\/2026\\\/02\\\/digi-AHS.png\",\"width\":427,\"height\":335,\"caption\":\"Digi-AHS Leonding\"},\"image\":{\"@id\":\"https:\\\/\\\/ahs-leonding.at\\\/#\\\/schema\\\/logo\\\/image\\\/\"}}]}<\/script>\n<!-- \/ Yoast SEO plugin. -->","yoast_head_json":{"title":"Tagesbetreuung (TABE) - Digi-AHS Leonding","description":"Die\u00a0Tagesbetreuung an der Digi-AHS Leonding\u00a0bietet unseren Sch\u00fcler*innen eine strukturierte Nachmittagsgestaltung.","robots":{"index":"index","follow":"follow","max-snippet":"max-snippet:-1","max-image-preview":"max-image-preview:large","max-video-preview":"max-video-preview:-1"},"canonical":"https:\/\/ahs-leonding.at\/index.php\/tagesbetreuung-tabe\/","og_locale":"de_DE","og_type":"article","og_title":"Tagesbetreuung (TABE) - Digi-AHS Leonding","og_description":"Die\u00a0Tagesbetreuung an der Digi-AHS Leonding\u00a0bietet unseren Sch\u00fcler*innen eine strukturierte Nachmittagsgestaltung.","og_url":"https:\/\/ahs-leonding.at\/index.php\/tagesbetreuung-tabe\/","og_site_name":"Digi-AHS Leonding","article_modified_time":"2026-02-13T10:32:53+00:00","twitter_card":"summary_large_image","twitter_misc":{"Gesch\u00e4tzte Lesezeit":"1\u00a0Minute"},"schema":{"@context":"https:\/\/schema.org","@graph":[{"@type":"WebPage","@id":"https:\/\/ahs-leonding.at\/index.php\/tagesbetreuung-tabe\/","url":"https:\/\/ahs-leonding.at\/index.php\/tagesbetreuung-tabe\/","name":"Tagesbetreuung (TABE) - Digi-AHS Leonding","isPartOf":{"@id":"https:\/\/ahs-leonding.at\/#website"},"datePublished":"2025-10-21T12:10:48+00:00","dateModified":"2026-02-13T10:32:53+00:00","description":"Die\u00a0Tagesbetreuung an der Digi-AHS Leonding\u00a0bietet unseren Sch\u00fcler*innen eine strukturierte Nachmittagsgestaltung.","breadcrumb":{"@id":"https:\/\/ahs-leonding.at\/index.php\/tagesbetreuung-tabe\/#breadcrumb"},"inLanguage":"de","potentialAction":[{"@type":"ReadAction","target":["https:\/\/ahs-leonding.at\/index.php\/tagesbetreuung-tabe\/"]}]},{"@type":"BreadcrumbList","@id":"https:\/\/ahs-leonding.at\/index.php\/tagesbetreuung-tabe\/#breadcrumb","itemListElement":[{"@type":"ListItem","position":1,"name":"Start","item":"https:\/\/ahs-leonding.at\/"},{"@type":"ListItem","position":2,"name":"Tagesbetreuung (TABE)"}]},{"@type":"WebSite","@id":"https:\/\/ahs-leonding.at\/#website","url":"https:\/\/ahs-leonding.at\/","name":"Digi-AHS Leonding","description":"Die AHS mit Digi-Schwerpunkt in Leonding","publisher":{"@id":"https:\/\/ahs-leonding.at\/#organization"},"potentialAction":[{"@type":"SearchAction","target":{"@type":"EntryPoint","urlTemplate":"https:\/\/ahs-leonding.at\/?s={search_term_string}"},"query-input":{"@type":"PropertyValueSpecification","valueRequired":true,"valueName":"search_term_string"}}],"inLanguage":"de"},{"@type":"Organization","@id":"https:\/\/ahs-leonding.at\/#organization","name":"Digi-AHS Leonding","url":"https:\/\/ahs-leonding.at\/","logo":{"@type":"ImageObject","inLanguage":"de","@id":"https:\/\/ahs-leonding.at\/#\/schema\/logo\/image\/","url":"https:\/\/ahs-leonding.at\/wp-content\/uploads\/2026\/02\/digi-AHS.png","contentUrl":"https:\/\/ahs-leonding.at\/wp-content\/uploads\/2026\/02\/digi-AHS.png","width":427,"height":335,"caption":"Digi-AHS Leonding"},"image":{"@id":"https:\/\/ahs-leonding.at\/#\/schema\/logo\/image\/"}}]}},"jetpack_sharing_enabled":true,"_links":{"self":[{"href":"https:\/\/ahs-leonding.at\/index.php\/wp-json\/wp\/v2\/pages\/298","targetHints":{"allow":["GET"]}}],"collection":[{"href":"https:\/\/ahs-leonding.at\/index.php\/wp-json\/wp\/v2\/pages"}],"about":[{"href":"https:\/\/ahs-leonding.at\/index.php\/wp-json\/wp\/v2\/types\/page"}],"author":[{"embeddable":true,"href":"https:\/\/ahs-leonding.at\/index.php\/wp-json\/wp\/v2\/users\/1"}],"replies":[{"embeddable":true,"href":"https:\/\/ahs-leonding.at\/index.php\/wp-json\/wp\/v2\/comments?post=298"}],"version-history":[{"count":2,"href":"https:\/\/ahs-leonding.at\/index.php\/wp-json\/wp\/v2\/pages\/298\/revisions"}],"predecessor-version":[{"id":837,"href":"https:\/\/ahs-leonding.at\/index.php\/wp-json\/wp\/v2\/pages\/298\/revisions\/837"}],"wp:attachment":[{"href":"https:\/\/ahs-leonding.at\/index.php\/wp-json\/wp\/v2\/media?parent=298"}],"curies":[{"name":"wp","href":"https:\/\/api.w.org\/{rel}","templated":true}]}}