{"id":3,"date":"2026-02-05T09:09:41","date_gmt":"2026-02-05T09:09:41","guid":{"rendered":"https:\/\/ahs-leonding.at\/?page_id=3"},"modified":"2026-02-13T12:07:46","modified_gmt":"2026-02-13T11:07:46","slug":"privacy-policy","status":"publish","type":"page","link":"https:\/\/ahs-leonding.at\/index.php\/privacy-policy\/","title":{"rendered":"Impressum und Datenschutz"},"content":{"rendered":"\n<h2 class=\"wp-block-heading\"><strong>Impressum<\/strong><\/h2>\n\n\n\n<p><strong>(Digi-)AHS Leonding \u2013 Privates Realgymnasium mit digitalem Schwerpunkt<\/strong> <br>Adresse: Limesstra\u00dfe 16, 4060 Leonding<br>Telefon: +43 (0) 732 272229<br>E-Mail: <a href=\"mailto:direktion@ahsleonding.at\">direktion@ahsleonding.at<\/a><br>Web: <a href=\"http:\/\/www.ahs-leonding.at\" type=\"link\" id=\"www.ahs-leonding.at\">www.ahs-leonding.at<\/a><\/p>\n\n\n\n<p><strong>Schulkennzahl:<\/strong>&nbsp;410056<\/p>\n\n\n\n<p><strong>Rechtsform:<\/strong>&nbsp;Privates Realgymnasium<br><strong>Direktion:<\/strong>&nbsp;Mag. Andreas Riedl<\/p>\n\n\n\n<p><strong>Redaktion &amp; Inhaltliche Verantwortung:<\/strong><br>Digi-AHS Leonding \u2013 Website-Team<br>E-Mail: <a href=\"mailto:direktion@ahsleonding.at\" type=\"mailto\" id=\"mailto:direktion@ahsleonding.at\">direktion@ahsleonding.at<\/a><\/p>\n\n\n\n<p><strong>Haftung f\u00fcr Inhalte:<\/strong><br>Alle Inhalte dieser Website wurden mit gr\u00f6\u00dfter Sorgfalt erstellt. F\u00fcr die Richtigkeit, Vollst\u00e4ndigkeit und Aktualit\u00e4t wird keine Haftung \u00fcbernommen.<\/p>\n\n\n\n<p><strong>Haftung f\u00fcr Links:<\/strong><br>F\u00fcr Inhalte externer Webseiten, auf die wir verlinken, \u00fcbernehmen wir keine Verantwortung. F\u00fcr den Inhalt dieser Seiten sind ausschlie\u00dflich deren Betreiber:innen verantwortlich.<\/p>\n\n\n\n<p><strong>Urheberrecht:<\/strong><br>Texte, Bilder und Grafiken dieser Website unterliegen dem Urheberrecht. Eine Nutzung ohne Zustimmung der Schule ist nicht gestattet.<\/p>\n\n\n\n<div style=\"height:38px\" aria-hidden=\"true\" class=\"wp-block-spacer\"><\/div>\n\n\n\n<h2 class=\"wp-block-heading\"><strong>Datenschutzerkl\u00e4rung<\/strong><\/h2>\n\n\n\n<p><strong>Privates Realgymnasium Leonding<\/strong> <strong>(Digi-AHS Leonding)<\/strong><\/p>\n\n\n\n<p><strong>Verarbeitung von personenbezogenen Daten&nbsp;<br><\/strong>Datenschutz ist der Digi-AHS Leonding&nbsp;ein wichtiges Anliegen. Personenbezogene Daten werden daher ausschlie\u00dflich auf Grundlage der Bestimmungen der EU-Datenschutz-Grundverordnung (DSGVO) sowie der \u00f6sterreichischen Rechtslage (Datenschutzgesetz-DSG) verarbeitet.&nbsp;<\/p>\n\n\n\n<p>Datenschutz wird in der&nbsp;Schule&nbsp;aktiv betrieben. Alle Lehrerinnen und Lehrer werden datenschutzrechtlich geschult und verarbeiten Daten verantwortungsvoll im Rahmen der gesetzlichen Grundlagen.&nbsp;<\/p>\n\n\n\n<p><strong>Verantwortlicher und Datenschutzbeauftragter<\/strong><\/p>\n\n\n\n<p>Verantwortlicher f\u00fcr die Verarbeitung personenbezogener Daten im Sinne der DSGVO ist die Bildungsdirektion O\u00d6.<\/p>\n\n\n\n<p><strong>Kontaktdaten:<\/strong><br>Bildungsdirektion O\u00d6<br>Sonnensteinstra\u00dfe 20<br>4040 Linz<\/p>\n\n\n\n<p><strong>Der Datenschutzbeauftragte der Bildungsdirektion O\u00d6 ist:<\/strong><br>Dipl.-Inf. Christian F\u00fcreder<br><a href=\"mailto:datenschutz@bildung%E2%80%90ooe.gv.at\" target=\"_blank\" rel=\"noreferrer noopener\">datenschutz@bildung\u2010ooe.gv.at<\/a><\/p>\n\n\n\n<p>Als \u00f6ffentliche Einrichtung handelt die&nbsp;Digi-AHS Leonding&nbsp;entsprechend dem verwaltungsrechtlichen Legalit\u00e4tsprinzips, d.h. dass die Verwaltung auf \u00f6sterreichischem und europ\u00e4ischem Recht beruht. So sind die geltenden Normen auch f\u00fcr die Verarbeitung personenbezogener Daten und deren Dauer meist die relevante Rechtsgrundlage (Art 6 bzw. 9 DSGVO). Im konkreten Einzelfall kommt aber auch ein Vertrag oder eine sonstige rechtliche Verpflichtung in Betracht. Soweit Sie Ihre Einwilligung zur Verarbeitung Ihrer Daten erteilt haben, ist diese die Grundlage wie auch die Grenze f\u00fcr die diesbez\u00fcglichen T\u00e4tigkeiten.&nbsp;<\/p>\n\n\n\n<p>Der Zweck der Verarbeitung von personenbezogenen Daten ist ebenso durch die \u00f6sterreichische und europ\u00e4ische Rechtslage bestimmt und orientiert sich an den gesetzlichen Aufgaben der&nbsp;Digi-AHS Leonding. Die Grundlage hierf\u00fcr stellt das Bundesministeriengesetz (BMG) in der jeweils geltenden Fassung dar.&nbsp;<\/p>\n\n\n\n<p>In der Regel werden durch die&nbsp;Digi-AHS Leonding&nbsp;personenbezogene Daten nicht in Drittl\u00e4nder \u00fcbermittelt bzw. keine automatisierten Entscheidungsfindungen getroffen. Ausnahmen basieren auf gesetzlicher Grundlage.&nbsp;<\/p>\n\n\n\n<h3 class=\"wp-block-heading\">Ihre Rechte<\/h3>\n\n\n\n<p>Gem\u00e4\u00df der Datenschutz-Grundverordnung und dem Datenschutzgesetz stehen Ihnen folgende<\/p>\n\n\n\n<p>Rechte und Rechtsbehelfe zu:<\/p>\n\n\n\n<ul class=\"wp-block-list\">\n<li>Recht auf Auskunft (Art. 15 DSGVO)<br>Sie haben als betroffene Person das Recht, Auskunft dar\u00fcber zu verlangen, ob und wenn ja, welche personenbezogenen Daten \u00fcber Sie verarbeitet werden. Zu Ihrem eigenen Schutz \u2013 damit niemand Unberechtigter Auskunft \u00fcber Ihre Daten erh\u00e4lt \u2013 werden wir vor Auskunftserteilung Ihre Identit\u00e4t in geeigneter Form nachpr\u00fcfen und dies dokumentieren.<\/li>\n<\/ul>\n\n\n\n<ul class=\"wp-block-list\">\n<li>Recht auf Berichtigung (Art. 16 DSGVO) und L\u00f6schung (Art. 17 DSGVO)<br>Sie haben das Recht, unverz\u00fcglich die Berichtigung Sie betreffender unrichtiger personenbezogener Daten bzw. \u2013 unter Ber\u00fccksichtigung der Zwecke der Datenverarbeitung \u2013 die Vervollst\u00e4ndigung unvollst\u00e4ndiger personenbezogener Daten sowie die L\u00f6schung Ihrer Daten zu verlangen, sofern die Kriterien des Art. 17 DSGVO erf\u00fcllt sind.<\/li>\n<\/ul>\n\n\n\n<ul class=\"wp-block-list\">\n<li>Recht auf Einschr\u00e4nkung der Verarbeitung (Art. 18 DSGVO)<br>Sie haben unter den gesetzlichen Voraussetzungen das Recht auf Einschr\u00e4nkung der Verarbeitung s\u00e4mtlicher erhobener personenbezogener Daten.<\/li>\n<\/ul>\n\n\n\n<ul class=\"wp-block-list\">\n<li>Recht auf Daten\u00fcbertragbarkeit (Art. 20 DSGVO)<br>Sie k\u00f6nnen die ungehinderte und uneingeschr\u00e4nkte \u00dcbermittlung von personenbezogenen Daten, die Sie uns bereitgestellt haben, an Sie oder einen Dritten verlangen.<\/li>\n<\/ul>\n\n\n\n<ul class=\"wp-block-list\">\n<li>Widerspruchsrecht (Art. 21 DSGVO)<br>Sie k\u00f6nnen aus Gr\u00fcnden, die sich aus Ihrer besonderen Situation ergeben, jederzeit Widerspruch gegen die Verarbeitung der Sie betreffenden personenbezogenen Daten, die zur Wahrung unserer berechtigten Interessen oder der eines Dritten erforderlich sind, einlegen. Ihre Daten werden nach Widerspruch nicht mehr verarbeitet, es sei denn, es liegen zwingende schutzw\u00fcrdige Gr\u00fcnde f\u00fcr die Verarbeitung vor, die Ihre Interessen, Rechte und Freiheiten \u00fcberwiegen oder die Verarbeitung dient der Geltendmachung, Aus\u00fcbung oder Verteidigung von Rechtsanspr\u00fcchen.<\/li>\n<\/ul>\n\n\n\n<ul class=\"wp-block-list\">\n<li>Widerruf der Einwilligung<br>Sie k\u00f6nnen eine erteilte Einwilligung zur Verarbeitung Ihrer personenbezogenen Daten jederzeit schriftlich widerrufen. Ein solcher Widerruf beeinflusst die Zul\u00e4ssigkeit der Verarbeitung Ihrer personenbezogenen Daten, nachdem Sie ihn uns gegen\u00fcber ausgesprochen haben. Die Rechtm\u00e4\u00dfigkeit der bis dahin erfolgten Verarbeitung bleibt unber\u00fchrt. Ein allf\u00e4lliger Widerruf der Einwilligung ber\u00fchrt nicht die Rechte der Verantwortlichen zur Verarbeitung von personenbezogenen Daten, zu welchen diese unabh\u00e4ngig der Einwilligung berechtigt oder verpflichtet sind.<\/li>\n<\/ul>\n\n\n\n<p>Letztlich haben Sie die M\u00f6glichkeit, Beschwerde bei der Aufsichtsbeh\u00f6rde zu erheben. Deren Kontaktdaten lauten: <\/p>\n\n\n\n<p>\u00d6sterreichische Datenschutzbeh\u00f6rde, Barichgasse 40-42, 1030 Wien, <a href=\"mailto:dsb@dsb.gv.at\">dsb@dsb.gv.at<\/a>.<\/p>\n\n\n\n<p>F\u00fcr Fragen zum Thema Datenschutz bzw. den Widerruf einer Einwilligung wenden Sie sich bitte an die Schulleitung.<\/p>\n","protected":false},"excerpt":{"rendered":"<p>Impressum (Digi-)AHS Leonding \u2013 Privates Realgymnasium mit digitalem Schwerpunkt Adresse: Limesstra\u00dfe 16, 4060 LeondingTelefon: +43 (0) 732 272229E-Mail: direktion@ahsleonding.atWeb: www.ahs-leonding.at Schulkennzahl:&nbsp;410056 Rechtsform:&nbsp;Privates RealgymnasiumDirektion:&nbsp;Mag. Andreas Riedl Redaktion &amp; Inhaltliche Verantwortung:Digi-AHS Leonding \u2013 Website-TeamE-Mail: direktion@ahsleonding.at Haftung f\u00fcr Inhalte:Alle Inhalte dieser Website wurden mit gr\u00f6\u00dfter Sorgfalt erstellt. F\u00fcr die Richtigkeit, Vollst\u00e4ndigkeit und Aktualit\u00e4t wird keine Haftung \u00fcbernommen. Haftung [&hellip;]<\/p>\n","protected":false},"author":1,"featured_media":0,"parent":0,"menu_order":0,"comment_status":"closed","ping_status":"open","template":"","meta":{"footnotes":""},"class_list":["post-3","page","type-page","status-publish","hentry"],"yoast_head":"<!-- This site is optimized with the Yoast SEO plugin v27.6 - https:\/\/yoast.com\/product\/yoast-seo-wordpress\/ -->\n<title>Impressum und Datenschutz - Digi-AHS Leonding<\/title>\n<meta name=\"description\" content=\"Impressum und Datenschutzerkl\u00e4rung der Digi-AHS Leonding mit allen rechtlichen Informationen gem\u00e4\u00df Mediengesetz und DSGVO.\" \/>\n<meta name=\"robots\" content=\"index, follow, max-snippet:-1, max-image-preview:large, max-video-preview:-1\" \/>\n<link rel=\"canonical\" href=\"https:\/\/ahs-leonding.at\/index.php\/privacy-policy\/\" \/>\n<meta property=\"og:locale\" content=\"de_DE\" \/>\n<meta property=\"og:type\" content=\"article\" \/>\n<meta property=\"og:title\" content=\"Impressum und Datenschutz - Digi-AHS Leonding\" \/>\n<meta property=\"og:description\" content=\"Impressum und Datenschutzerkl\u00e4rung der Digi-AHS Leonding mit allen rechtlichen Informationen gem\u00e4\u00df Mediengesetz und DSGVO.\" \/>\n<meta property=\"og:url\" content=\"https:\/\/ahs-leonding.at\/index.php\/privacy-policy\/\" \/>\n<meta property=\"og:site_name\" content=\"Digi-AHS Leonding\" \/>\n<meta property=\"article:modified_time\" content=\"2026-02-13T11:07:46+00:00\" \/>\n<meta name=\"twitter:card\" content=\"summary_large_image\" \/>\n<meta name=\"twitter:label1\" content=\"Gesch\u00e4tzte Lesezeit\" \/>\n\t<meta name=\"twitter:data1\" content=\"4\u00a0Minuten\" \/>\n<script type=\"application\/ld+json\" class=\"yoast-schema-graph\">{\"@context\":\"https:\\\/\\\/schema.org\",\"@graph\":[{\"@type\":\"WebPage\",\"@id\":\"https:\\\/\\\/ahs-leonding.at\\\/index.php\\\/privacy-policy\\\/\",\"url\":\"https:\\\/\\\/ahs-leonding.at\\\/index.php\\\/privacy-policy\\\/\",\"name\":\"Impressum und Datenschutz - Digi-AHS Leonding\",\"isPartOf\":{\"@id\":\"https:\\\/\\\/ahs-leonding.at\\\/#website\"},\"datePublished\":\"2026-02-05T09:09:41+00:00\",\"dateModified\":\"2026-02-13T11:07:46+00:00\",\"description\":\"Impressum und Datenschutzerkl\u00e4rung der Digi-AHS Leonding mit allen rechtlichen Informationen gem\u00e4\u00df Mediengesetz und DSGVO.\",\"breadcrumb\":{\"@id\":\"https:\\\/\\\/ahs-leonding.at\\\/index.php\\\/privacy-policy\\\/#breadcrumb\"},\"inLanguage\":\"de\",\"potentialAction\":[{\"@type\":\"ReadAction\",\"target\":[\"https:\\\/\\\/ahs-leonding.at\\\/index.php\\\/privacy-policy\\\/\"]}]},{\"@type\":\"BreadcrumbList\",\"@id\":\"https:\\\/\\\/ahs-leonding.at\\\/index.php\\\/privacy-policy\\\/#breadcrumb\",\"itemListElement\":[{\"@type\":\"ListItem\",\"position\":1,\"name\":\"Start\",\"item\":\"https:\\\/\\\/ahs-leonding.at\\\/\"},{\"@type\":\"ListItem\",\"position\":2,\"name\":\"Impressum und Datenschutz\"}]},{\"@type\":\"WebSite\",\"@id\":\"https:\\\/\\\/ahs-leonding.at\\\/#website\",\"url\":\"https:\\\/\\\/ahs-leonding.at\\\/\",\"name\":\"Digi-AHS Leonding\",\"description\":\"Die AHS mit Digi-Schwerpunkt in Leonding\",\"publisher\":{\"@id\":\"https:\\\/\\\/ahs-leonding.at\\\/#organization\"},\"potentialAction\":[{\"@type\":\"SearchAction\",\"target\":{\"@type\":\"EntryPoint\",\"urlTemplate\":\"https:\\\/\\\/ahs-leonding.at\\\/?s={search_term_string}\"},\"query-input\":{\"@type\":\"PropertyValueSpecification\",\"valueRequired\":true,\"valueName\":\"search_term_string\"}}],\"inLanguage\":\"de\"},{\"@type\":\"Organization\",\"@id\":\"https:\\\/\\\/ahs-leonding.at\\\/#organization\",\"name\":\"Digi-AHS Leonding\",\"url\":\"https:\\\/\\\/ahs-leonding.at\\\/\",\"logo\":{\"@type\":\"ImageObject\",\"inLanguage\":\"de\",\"@id\":\"https:\\\/\\\/ahs-leonding.at\\\/#\\\/schema\\\/logo\\\/image\\\/\",\"url\":\"https:\\\/\\\/ahs-leonding.at\\\/wp-content\\\/uploads\\\/2026\\\/02\\\/digi-AHS.png\",\"contentUrl\":\"https:\\\/\\\/ahs-leonding.at\\\/wp-content\\\/uploads\\\/2026\\\/02\\\/digi-AHS.png\",\"width\":427,\"height\":335,\"caption\":\"Digi-AHS Leonding\"},\"image\":{\"@id\":\"https:\\\/\\\/ahs-leonding.at\\\/#\\\/schema\\\/logo\\\/image\\\/\"}}]}<\/script>\n<!-- \/ Yoast SEO plugin. -->","yoast_head_json":{"title":"Impressum und Datenschutz - Digi-AHS Leonding","description":"Impressum und Datenschutzerkl\u00e4rung der Digi-AHS Leonding mit allen rechtlichen Informationen gem\u00e4\u00df Mediengesetz und DSGVO.","robots":{"index":"index","follow":"follow","max-snippet":"max-snippet:-1","max-image-preview":"max-image-preview:large","max-video-preview":"max-video-preview:-1"},"canonical":"https:\/\/ahs-leonding.at\/index.php\/privacy-policy\/","og_locale":"de_DE","og_type":"article","og_title":"Impressum und Datenschutz - Digi-AHS Leonding","og_description":"Impressum und Datenschutzerkl\u00e4rung der Digi-AHS Leonding mit allen rechtlichen Informationen gem\u00e4\u00df Mediengesetz und DSGVO.","og_url":"https:\/\/ahs-leonding.at\/index.php\/privacy-policy\/","og_site_name":"Digi-AHS Leonding","article_modified_time":"2026-02-13T11:07:46+00:00","twitter_card":"summary_large_image","twitter_misc":{"Gesch\u00e4tzte Lesezeit":"4\u00a0Minuten"},"schema":{"@context":"https:\/\/schema.org","@graph":[{"@type":"WebPage","@id":"https:\/\/ahs-leonding.at\/index.php\/privacy-policy\/","url":"https:\/\/ahs-leonding.at\/index.php\/privacy-policy\/","name":"Impressum und Datenschutz - Digi-AHS Leonding","isPartOf":{"@id":"https:\/\/ahs-leonding.at\/#website"},"datePublished":"2026-02-05T09:09:41+00:00","dateModified":"2026-02-13T11:07:46+00:00","description":"Impressum und Datenschutzerkl\u00e4rung der Digi-AHS Leonding mit allen rechtlichen Informationen gem\u00e4\u00df Mediengesetz und DSGVO.","breadcrumb":{"@id":"https:\/\/ahs-leonding.at\/index.php\/privacy-policy\/#breadcrumb"},"inLanguage":"de","potentialAction":[{"@type":"ReadAction","target":["https:\/\/ahs-leonding.at\/index.php\/privacy-policy\/"]}]},{"@type":"BreadcrumbList","@id":"https:\/\/ahs-leonding.at\/index.php\/privacy-policy\/#breadcrumb","itemListElement":[{"@type":"ListItem","position":1,"name":"Start","item":"https:\/\/ahs-leonding.at\/"},{"@type":"ListItem","position":2,"name":"Impressum und Datenschutz"}]},{"@type":"WebSite","@id":"https:\/\/ahs-leonding.at\/#website","url":"https:\/\/ahs-leonding.at\/","name":"Digi-AHS Leonding","description":"Die AHS mit Digi-Schwerpunkt in Leonding","publisher":{"@id":"https:\/\/ahs-leonding.at\/#organization"},"potentialAction":[{"@type":"SearchAction","target":{"@type":"EntryPoint","urlTemplate":"https:\/\/ahs-leonding.at\/?s={search_term_string}"},"query-input":{"@type":"PropertyValueSpecification","valueRequired":true,"valueName":"search_term_string"}}],"inLanguage":"de"},{"@type":"Organization","@id":"https:\/\/ahs-leonding.at\/#organization","name":"Digi-AHS Leonding","url":"https:\/\/ahs-leonding.at\/","logo":{"@type":"ImageObject","inLanguage":"de","@id":"https:\/\/ahs-leonding.at\/#\/schema\/logo\/image\/","url":"https:\/\/ahs-leonding.at\/wp-content\/uploads\/2026\/02\/digi-AHS.png","contentUrl":"https:\/\/ahs-leonding.at\/wp-content\/uploads\/2026\/02\/digi-AHS.png","width":427,"height":335,"caption":"Digi-AHS Leonding"},"image":{"@id":"https:\/\/ahs-leonding.at\/#\/schema\/logo\/image\/"}}]}},"jetpack_sharing_enabled":true,"_links":{"self":[{"href":"https:\/\/ahs-leonding.at\/index.php\/wp-json\/wp\/v2\/pages\/3","targetHints":{"allow":["GET"]}}],"collection":[{"href":"https:\/\/ahs-leonding.at\/index.php\/wp-json\/wp\/v2\/pages"}],"about":[{"href":"https:\/\/ahs-leonding.at\/index.php\/wp-json\/wp\/v2\/types\/page"}],"author":[{"embeddable":true,"href":"https:\/\/ahs-leonding.at\/index.php\/wp-json\/wp\/v2\/users\/1"}],"replies":[{"embeddable":true,"href":"https:\/\/ahs-leonding.at\/index.php\/wp-json\/wp\/v2\/comments?post=3"}],"version-history":[{"count":8,"href":"https:\/\/ahs-leonding.at\/index.php\/wp-json\/wp\/v2\/pages\/3\/revisions"}],"predecessor-version":[{"id":839,"href":"https:\/\/ahs-leonding.at\/index.php\/wp-json\/wp\/v2\/pages\/3\/revisions\/839"}],"wp:attachment":[{"href":"https:\/\/ahs-leonding.at\/index.php\/wp-json\/wp\/v2\/media?parent=3"}],"curies":[{"name":"wp","href":"https:\/\/api.w.org\/{rel}","templated":true}]}}