{"id":443,"date":"2025-10-30T16:58:31","date_gmt":"2025-10-30T15:58:31","guid":{"rendered":"https:\/\/ahsleonding.wordpress.com\/?page_id=443"},"modified":"2026-02-12T11:50:19","modified_gmt":"2026-02-12T10:50:19","slug":"termine","status":"publish","type":"page","link":"https:\/\/ahs-leonding.at\/index.php\/termine\/","title":{"rendered":"Schultermine"},"content":{"rendered":"\n<p>Hier finden Sie alle wichtigen Ferienzeiten, schulautonomen Tage sowie schulischen Veranstaltungen im \u00dcberblick.<\/p>\n\n\n\n<div style=\"height:30px\" aria-hidden=\"true\" class=\"wp-block-spacer\"><\/div>\n\n\n\n<div class=\"wp-block-columns alignwide is-layout-flex wp-container-core-columns-is-layout-28f84493 wp-block-columns-is-layout-flex\">\n<div class=\"wp-block-column is-layout-flow wp-block-column-is-layout-flow\" style=\"flex-basis:33.33%\">\n<h2 class=\"wp-block-heading alignwide ai-ignore\">Ferien und schulautonome<br>Tage 2025\/26<\/h2>\n<\/div>\n\n\n\n<div class=\"wp-block-column is-layout-flow wp-block-column-is-layout-flow\" style=\"flex-basis:66.66%\">\n<div class=\"wp-block-group alignwide is-layout-flow wp-container-core-group-is-layout-8a368f38 wp-block-group-is-layout-flow\">\n<div class=\"wp-block-group alignwide is-vertical is-layout-flex wp-container-core-group-is-layout-0a00edc8 wp-block-group-is-layout-flex\" style=\"border-bottom-width:1px;padding-top:32px;padding-bottom:32px\">\n<div class=\"wp-block-group is-nowrap is-layout-flex wp-container-core-group-is-layout-fc054d2d wp-block-group-is-layout-flex\">\n<div class=\"wp-block-group is-nowrap is-layout-flex wp-container-core-group-is-layout-6c531013 wp-block-group-is-layout-flex\">\n<p class=\"is-event-date ai-ignore\">Herbstferien &#8211; 25. Oktober bis 2. November 2025<\/p>\n<\/div>\n<\/div>\n<\/div>\n\n\n\n<div class=\"wp-block-group alignwide is-vertical is-layout-flex wp-container-core-group-is-layout-0a00edc8 wp-block-group-is-layout-flex\" style=\"border-bottom-width:1px;padding-top:32px;padding-bottom:32px\">\n<div class=\"wp-block-group is-nowrap is-layout-flex wp-container-core-group-is-layout-fc054d2d wp-block-group-is-layout-flex\">\n<div class=\"wp-block-group is-nowrap is-layout-flex wp-container-core-group-is-layout-6c531013 wp-block-group-is-layout-flex\">\n<p class=\"is-event-date ai-ignore\">Weihnachtsferien &#8211; 24. Dezember 2025 bis 6. J\u00e4nner 2026<\/p>\n<\/div>\n<\/div>\n<\/div>\n\n\n\n<div class=\"wp-block-group alignwide is-vertical is-layout-flex wp-container-core-group-is-layout-0a00edc8 wp-block-group-is-layout-flex\" style=\"border-bottom-width:1px;padding-top:32px;padding-bottom:32px\">\n<div class=\"wp-block-group is-nowrap is-layout-flex wp-container-core-group-is-layout-fc054d2d wp-block-group-is-layout-flex\">\n<div class=\"wp-block-group is-nowrap is-layout-flex wp-container-core-group-is-layout-6c531013 wp-block-group-is-layout-flex\">\n<p class=\"is-event-date ai-ignore\">Semesterferien &#8211; 14. bis 22. Februar<\/p>\n<\/div>\n<\/div>\n<\/div>\n\n\n\n<div class=\"wp-block-group alignwide is-vertical is-layout-flex wp-container-core-group-is-layout-0a00edc8 wp-block-group-is-layout-flex\" style=\"border-bottom-width:1px;padding-top:32px;padding-bottom:32px\">\n<div class=\"wp-block-group is-nowrap is-layout-flex wp-container-core-group-is-layout-fc054d2d wp-block-group-is-layout-flex\">\n<div class=\"wp-block-group is-nowrap is-layout-flex wp-container-core-group-is-layout-6c531013 wp-block-group-is-layout-flex\">\n<p class=\"is-event-date ai-ignore\">Osterferien &#8211; 28. M\u00e4rz bis 6. April<\/p>\n<\/div>\n<\/div>\n<\/div>\n\n\n\n<div class=\"wp-block-group alignwide is-vertical is-layout-flex wp-container-core-group-is-layout-0a00edc8 wp-block-group-is-layout-flex\" style=\"border-bottom-width:1px;padding-top:32px;padding-bottom:32px\">\n<div class=\"wp-block-group is-nowrap is-layout-flex wp-container-core-group-is-layout-fc054d2d wp-block-group-is-layout-flex\">\n<div class=\"wp-block-group is-nowrap is-layout-flex wp-container-core-group-is-layout-6c531013 wp-block-group-is-layout-flex\">\n<p class=\"is-event-date ai-ignore\">Staatsfeiertag &#8211; 1. Mai<\/p>\n<\/div>\n<\/div>\n<\/div>\n\n\n\n<div class=\"wp-block-group alignwide is-vertical is-layout-flex wp-container-core-group-is-layout-0a00edc8 wp-block-group-is-layout-flex\" style=\"border-bottom-width:1px;padding-top:32px;padding-bottom:32px\">\n<div class=\"wp-block-group is-nowrap is-layout-flex wp-container-core-group-is-layout-fc054d2d wp-block-group-is-layout-flex\">\n<div class=\"wp-block-group is-nowrap is-layout-flex wp-container-core-group-is-layout-6c531013 wp-block-group-is-layout-flex\">\n<p class=\"is-event-date ai-ignore\">O\u00f6. Landespatron Hl. Florian &#8211; 4. Mai<\/p>\n<\/div>\n<\/div>\n<\/div>\n\n\n\n<div class=\"wp-block-group alignwide is-vertical is-layout-flex wp-container-core-group-is-layout-0a00edc8 wp-block-group-is-layout-flex\" style=\"border-bottom-width:1px;padding-top:32px;padding-bottom:32px\">\n<div class=\"wp-block-group is-nowrap is-layout-flex wp-container-core-group-is-layout-fc054d2d wp-block-group-is-layout-flex\">\n<div class=\"wp-block-group is-nowrap is-layout-flex wp-container-core-group-is-layout-6c531013 wp-block-group-is-layout-flex\">\n<p class=\"is-event-date ai-ignore\">Christi Himmelfahrt &#8211; 14. Mai<\/p>\n<\/div>\n<\/div>\n<\/div>\n\n\n\n<div class=\"wp-block-group alignwide is-vertical is-layout-flex wp-container-core-group-is-layout-0a00edc8 wp-block-group-is-layout-flex\" style=\"border-bottom-width:1px;padding-top:32px;padding-bottom:32px\">\n<div class=\"wp-block-group is-nowrap is-layout-flex wp-container-core-group-is-layout-fc054d2d wp-block-group-is-layout-flex\">\n<div class=\"wp-block-group is-nowrap is-layout-flex wp-container-core-group-is-layout-6c531013 wp-block-group-is-layout-flex\">\n<p class=\"is-event-date ai-ignore\">Schulautonom frei &#8211; 15. Mai<\/p>\n<\/div>\n<\/div>\n<\/div>\n\n\n\n<div class=\"wp-block-group alignwide is-vertical is-layout-flex wp-container-core-group-is-layout-0a00edc8 wp-block-group-is-layout-flex\" style=\"border-bottom-width:1px;padding-top:32px;padding-bottom:32px\">\n<div class=\"wp-block-group is-nowrap is-layout-flex wp-container-core-group-is-layout-fc054d2d wp-block-group-is-layout-flex\">\n<div class=\"wp-block-group is-nowrap is-layout-flex wp-container-core-group-is-layout-6c531013 wp-block-group-is-layout-flex\">\n<p class=\"is-event-date ai-ignore\">Pfingsten &#8211; 23. bis 25. Mai<\/p>\n<\/div>\n<\/div>\n<\/div>\n\n\n\n<div class=\"wp-block-group alignwide is-vertical is-layout-flex wp-container-core-group-is-layout-0a00edc8 wp-block-group-is-layout-flex\" style=\"border-bottom-width:1px;padding-top:32px;padding-bottom:32px\">\n<div class=\"wp-block-group is-nowrap is-layout-flex wp-container-core-group-is-layout-fc054d2d wp-block-group-is-layout-flex\">\n<div class=\"wp-block-group is-nowrap is-layout-flex wp-container-core-group-is-layout-6c531013 wp-block-group-is-layout-flex\">\n<p class=\"is-event-date ai-ignore\">Fronleichnam &#8211; 4. Juni<\/p>\n<\/div>\n<\/div>\n<\/div>\n\n\n\n<div class=\"wp-block-group alignwide is-vertical is-layout-flex wp-container-core-group-is-layout-0a00edc8 wp-block-group-is-layout-flex\" style=\"border-bottom-width:1px;padding-top:32px;padding-bottom:32px\">\n<div class=\"wp-block-group is-nowrap is-layout-flex wp-container-core-group-is-layout-fc054d2d wp-block-group-is-layout-flex\">\n<div class=\"wp-block-group is-nowrap is-layout-flex wp-container-core-group-is-layout-6c531013 wp-block-group-is-layout-flex\">\n<p class=\"is-event-date ai-ignore\">Schulautonom frei &#8211; 5. Juni<\/p>\n<\/div>\n<\/div>\n<\/div>\n\n\n\n<div class=\"wp-block-group alignwide is-vertical is-layout-flex wp-container-core-group-is-layout-0a00edc8 wp-block-group-is-layout-flex\" style=\"border-bottom-width:1px;padding-top:32px;padding-bottom:32px\">\n<div class=\"wp-block-group is-nowrap is-layout-flex wp-container-core-group-is-layout-fc054d2d wp-block-group-is-layout-flex\">\n<div class=\"wp-block-group is-nowrap is-layout-flex wp-container-core-group-is-layout-6c531013 wp-block-group-is-layout-flex\">\n<p class=\"is-event-date ai-ignore\">Sommerferien von 11. Juli bis 13. September 2026<\/p>\n<\/div>\n<\/div>\n<\/div>\n<\/div>\n<\/div>\n<\/div>\n\n\n\n<div style=\"height:48px\" aria-hidden=\"true\" class=\"wp-block-spacer\"><\/div>\n\n\n\n<h2 class=\"wp-block-heading\">Schultermine<\/h2>\n\n\n\n<div class=\"wp-block-group alignfull is-style-section-2 has-global-padding is-content-justification-center is-layout-constrained wp-container-core-group-is-layout-80eb8702 wp-block-group-is-layout-constrained\" style=\"margin-top:0;margin-bottom:0;padding-top:var(--wp--preset--spacing--40);padding-bottom:var(--wp--preset--spacing--40)\">\n<div class=\"wp-block-columns alignwide is-layout-flex wp-container-core-columns-is-layout-28f84493 wp-block-columns-is-layout-flex\">\n<div class=\"wp-block-column is-layout-flow wp-block-column-is-layout-flow\" style=\"flex-basis:33.33%\">\n<h2 class=\"wp-block-heading alignwide ai-ignore\">September 2025<\/h2>\n<\/div>\n\n\n\n<div class=\"wp-block-column is-layout-flow wp-block-column-is-layout-flow\" style=\"flex-basis:66.66%\">\n<div class=\"wp-block-group alignwide is-layout-flow wp-container-core-group-is-layout-8a368f38 wp-block-group-is-layout-flow\">\n<div class=\"wp-block-group alignwide is-vertical is-layout-flex wp-container-core-group-is-layout-0a00edc8 wp-block-group-is-layout-flex\" style=\"border-bottom-width:1px;padding-top:32px;padding-bottom:32px\">\n<div class=\"wp-block-group is-nowrap is-layout-flex wp-container-core-group-is-layout-fc054d2d wp-block-group-is-layout-flex\">\n<div class=\"wp-block-group is-nowrap is-layout-flex wp-container-core-group-is-layout-6c531013 wp-block-group-is-layout-flex\">\n<p class=\"is-event-date ai-ignore\">11.9. <\/p>\n\n\n\n<p>Elternabend 2. Klassen<\/p>\n\n\n\n<p>17 Uhr<\/p>\n<\/div>\n<\/div>\n<\/div>\n\n\n\n<div class=\"wp-block-group alignwide is-vertical is-layout-flex wp-container-core-group-is-layout-0a00edc8 wp-block-group-is-layout-flex\" style=\"border-bottom-width:1px;padding-top:32px;padding-bottom:32px\">\n<div class=\"wp-block-group is-nowrap is-layout-flex wp-container-core-group-is-layout-fc054d2d wp-block-group-is-layout-flex\">\n<div class=\"wp-block-group is-nowrap is-layout-flex wp-container-core-group-is-layout-6c531013 wp-block-group-is-layout-flex\">\n<p class=\"is-event-date ai-ignore\">11.9. <\/p>\n\n\n\n<p>Elternabend 1. Klassen<\/p>\n\n\n\n<p>18.30 Uhr<\/p>\n<\/div>\n<\/div>\n<\/div>\n<\/div>\n<\/div>\n<\/div>\n<\/div>\n\n\n\n<div class=\"wp-block-group alignfull is-style-section-2 has-global-padding is-content-justification-center is-layout-constrained wp-container-core-group-is-layout-80eb8702 wp-block-group-is-layout-constrained\" style=\"margin-top:0;margin-bottom:0;padding-top:var(--wp--preset--spacing--40);padding-bottom:var(--wp--preset--spacing--40)\">\n<div class=\"wp-block-columns alignwide is-layout-flex wp-container-core-columns-is-layout-28f84493 wp-block-columns-is-layout-flex\">\n<div class=\"wp-block-column is-layout-flow wp-block-column-is-layout-flow\" style=\"flex-basis:33.33%\">\n<h2 class=\"wp-block-heading alignwide ai-ignore\">Oktober 2025<\/h2>\n<\/div>\n\n\n\n<div class=\"wp-block-column is-layout-flow wp-block-column-is-layout-flow\" style=\"flex-basis:66.66%\">\n<div class=\"wp-block-group alignwide is-layout-flow wp-container-core-group-is-layout-8a368f38 wp-block-group-is-layout-flow\">\n<div class=\"wp-block-group alignwide is-vertical is-layout-flex wp-container-core-group-is-layout-0a00edc8 wp-block-group-is-layout-flex\" style=\"border-bottom-width:1px;padding-top:32px;padding-bottom:32px\">\n<div class=\"wp-block-group is-nowrap is-layout-flex wp-container-core-group-is-layout-fc054d2d wp-block-group-is-layout-flex\">\n<div class=\"wp-block-group is-nowrap is-layout-flex wp-container-core-group-is-layout-6c531013 wp-block-group-is-layout-flex\">\n<p class=\"is-event-date ai-ignore\">1.10.  <\/p>\n\n\n\n<p>Impftag<\/p>\n\n\n\n<p>9 Uhr<\/p>\n<\/div>\n<\/div>\n<\/div>\n\n\n\n<div class=\"wp-block-group alignwide is-vertical is-layout-flex wp-container-core-group-is-layout-0a00edc8 wp-block-group-is-layout-flex\" style=\"border-bottom-width:1px;padding-top:32px;padding-bottom:32px\">\n<div class=\"wp-block-group is-nowrap is-layout-flex wp-container-core-group-is-layout-fc054d2d wp-block-group-is-layout-flex\">\n<div class=\"wp-block-group is-nowrap is-layout-flex wp-container-core-group-is-layout-6c531013 wp-block-group-is-layout-flex\">\n<p class=\"is-event-date ai-ignore\">7.10.  <\/p>\n\n\n\n<p>iPad Ausrollung<\/p>\n\n\n\n<p>8 Uhr<\/p>\n<\/div>\n<\/div>\n<\/div>\n\n\n\n<div class=\"wp-block-group alignwide is-vertical is-layout-flex wp-container-core-group-is-layout-0a00edc8 wp-block-group-is-layout-flex\" style=\"border-bottom-width:1px;padding-top:32px;padding-bottom:32px\">\n<div class=\"wp-block-group is-nowrap is-layout-flex wp-container-core-group-is-layout-fc054d2d wp-block-group-is-layout-flex\">\n<div class=\"wp-block-group is-nowrap is-layout-flex wp-container-core-group-is-layout-6c531013 wp-block-group-is-layout-flex\">\n<p class=\"is-event-date ai-ignore\">20.10.<\/p>\n\n\n\n<p>Kennenlerntag 1. Klassen<\/p>\n\n\n\n<p>8 Uhr<\/p>\n<\/div>\n<\/div>\n<\/div>\n<\/div>\n<\/div>\n<\/div>\n<\/div>\n\n\n\n<div class=\"wp-block-group alignfull is-style-section-2 has-global-padding is-content-justification-center is-layout-constrained wp-container-core-group-is-layout-80eb8702 wp-block-group-is-layout-constrained\" style=\"margin-top:0;margin-bottom:0;padding-top:var(--wp--preset--spacing--40);padding-bottom:var(--wp--preset--spacing--40)\">\n<div class=\"wp-block-columns alignwide is-layout-flex wp-container-core-columns-is-layout-28f84493 wp-block-columns-is-layout-flex\">\n<div class=\"wp-block-column is-layout-flow wp-block-column-is-layout-flow\" style=\"flex-basis:33.33%\">\n<h2 class=\"wp-block-heading alignwide ai-ignore\">November 2025<\/h2>\n<\/div>\n\n\n\n<div class=\"wp-block-column is-layout-flow wp-block-column-is-layout-flow\" style=\"flex-basis:66.66%\">\n<div class=\"wp-block-group alignwide is-layout-flow wp-container-core-group-is-layout-8a368f38 wp-block-group-is-layout-flow\">\n<div class=\"wp-block-group alignwide is-vertical is-layout-flex wp-container-core-group-is-layout-0a00edc8 wp-block-group-is-layout-flex\" style=\"border-bottom-width:1px;padding-top:32px;padding-bottom:32px\">\n<div class=\"wp-block-group is-nowrap is-layout-flex wp-container-core-group-is-layout-fc054d2d wp-block-group-is-layout-flex\">\n<div class=\"wp-block-group is-nowrap is-layout-flex wp-container-core-group-is-layout-6c531013 wp-block-group-is-layout-flex\">\n<p class=\"is-event-date ai-ignore\">17.11.  <\/p>\n\n\n\n<p>Schulfotograf<\/p>\n\n\n\n<p>8 Uhr<\/p>\n<\/div>\n<\/div>\n<\/div>\n\n\n\n<div class=\"wp-block-group alignwide is-vertical is-layout-flex wp-container-core-group-is-layout-0a00edc8 wp-block-group-is-layout-flex\" style=\"border-bottom-width:1px;padding-top:32px;padding-bottom:32px\">\n<div class=\"wp-block-group is-nowrap is-layout-flex wp-container-core-group-is-layout-fc054d2d wp-block-group-is-layout-flex\">\n<div class=\"wp-block-group is-nowrap is-layout-flex wp-container-core-group-is-layout-6c531013 wp-block-group-is-layout-flex\">\n<p class=\"is-event-date ai-ignore\">18.11.  <\/p>\n\n\n\n<p>Tag der offenen T\u00fcr<\/p>\n\n\n\n<p>10-15 Uhr<\/p>\n<\/div>\n<\/div>\n<\/div>\n<\/div>\n<\/div>\n<\/div>\n<\/div>\n\n\n\n<div class=\"wp-block-group alignfull is-style-section-2 has-global-padding is-content-justification-center is-layout-constrained wp-container-core-group-is-layout-80eb8702 wp-block-group-is-layout-constrained\" style=\"margin-top:0;margin-bottom:0;padding-top:var(--wp--preset--spacing--40);padding-bottom:var(--wp--preset--spacing--40)\">\n<div class=\"wp-block-columns alignwide is-layout-flex wp-container-core-columns-is-layout-28f84493 wp-block-columns-is-layout-flex\">\n<div class=\"wp-block-column is-layout-flow wp-block-column-is-layout-flow\" style=\"flex-basis:33.33%\">\n<h2 class=\"wp-block-heading alignwide ai-ignore\">Dezember 2025<\/h2>\n<\/div>\n\n\n\n<div class=\"wp-block-column is-layout-flow wp-block-column-is-layout-flow\" style=\"flex-basis:66.66%\">\n<div class=\"wp-block-group alignwide is-layout-flow wp-container-core-group-is-layout-8a368f38 wp-block-group-is-layout-flow\">\n<div class=\"wp-block-group alignwide is-vertical is-layout-flex wp-container-core-group-is-layout-0a00edc8 wp-block-group-is-layout-flex\" style=\"border-bottom-width:1px;padding-top:32px;padding-bottom:32px\">\n<div class=\"wp-block-group is-nowrap is-layout-flex wp-container-core-group-is-layout-fc054d2d wp-block-group-is-layout-flex\">\n<div class=\"wp-block-group is-nowrap is-layout-flex wp-container-core-group-is-layout-6c531013 wp-block-group-is-layout-flex\">\n<p class=\"is-event-date ai-ignore\">11.12.  <\/p>\n\n\n\n<p>Elternsprechtag<\/p>\n\n\n\n<p>14 Uhr<\/p>\n<\/div>\n<\/div>\n<\/div>\n<\/div>\n<\/div>\n<\/div>\n<\/div>\n\n\n\n<p><\/p>\n","protected":false},"excerpt":{"rendered":"<p>Hier finden Sie alle wichtigen Ferienzeiten, schulautonomen Tage sowie schulischen Veranstaltungen im \u00dcberblick. Ferien und schulautonomeTage 2025\/26 Herbstferien &#8211; 25. Oktober bis 2. November 2025 Weihnachtsferien &#8211; 24. Dezember 2025 bis 6. J\u00e4nner 2026 Semesterferien &#8211; 14. bis 22. Februar Osterferien &#8211; 28. M\u00e4rz bis 6. April Staatsfeiertag &#8211; 1. Mai O\u00f6. Landespatron Hl. Florian [&hellip;]<\/p>\n","protected":false},"author":1,"featured_media":0,"parent":0,"menu_order":0,"comment_status":"closed","ping_status":"closed","template":"","meta":{"footnotes":""},"class_list":["post-443","page","type-page","status-publish","hentry"],"yoast_head":"<!-- This site is optimized with the Yoast SEO plugin v27.6 - https:\/\/yoast.com\/product\/yoast-seo-wordpress\/ -->\n<title>Schultermine - Digi-AHS Leonding<\/title>\n<meta name=\"description\" content=\"Alle Schultermine der Digi-AHS Leonding im \u00dcberblick: Ferien, schulautonome Tage, Elternabende und wichtige Veranstaltungen.\" \/>\n<meta name=\"robots\" content=\"index, follow, max-snippet:-1, max-image-preview:large, max-video-preview:-1\" \/>\n<link rel=\"canonical\" href=\"https:\/\/ahs-leonding.at\/index.php\/termine\/\" \/>\n<meta property=\"og:locale\" content=\"de_DE\" \/>\n<meta property=\"og:type\" content=\"article\" \/>\n<meta property=\"og:title\" content=\"Schultermine - Digi-AHS Leonding\" \/>\n<meta property=\"og:description\" content=\"Alle Schultermine der Digi-AHS Leonding im \u00dcberblick: Ferien, schulautonome Tage, Elternabende und wichtige Veranstaltungen.\" \/>\n<meta property=\"og:url\" content=\"https:\/\/ahs-leonding.at\/index.php\/termine\/\" \/>\n<meta property=\"og:site_name\" content=\"Digi-AHS Leonding\" \/>\n<meta property=\"article:modified_time\" content=\"2026-02-12T10:50:19+00:00\" \/>\n<meta name=\"twitter:card\" content=\"summary_large_image\" \/>\n<meta name=\"twitter:label1\" content=\"Gesch\u00e4tzte Lesezeit\" \/>\n\t<meta name=\"twitter:data1\" content=\"1\u00a0Minute\" \/>\n<script type=\"application\/ld+json\" class=\"yoast-schema-graph\">{\"@context\":\"https:\\\/\\\/schema.org\",\"@graph\":[{\"@type\":\"WebPage\",\"@id\":\"https:\\\/\\\/ahs-leonding.at\\\/index.php\\\/termine\\\/\",\"url\":\"https:\\\/\\\/ahs-leonding.at\\\/index.php\\\/termine\\\/\",\"name\":\"Schultermine - Digi-AHS Leonding\",\"isPartOf\":{\"@id\":\"https:\\\/\\\/ahs-leonding.at\\\/#website\"},\"datePublished\":\"2025-10-30T15:58:31+00:00\",\"dateModified\":\"2026-02-12T10:50:19+00:00\",\"description\":\"Alle Schultermine der Digi-AHS Leonding im \u00dcberblick: Ferien, schulautonome Tage, Elternabende und wichtige Veranstaltungen.\",\"breadcrumb\":{\"@id\":\"https:\\\/\\\/ahs-leonding.at\\\/index.php\\\/termine\\\/#breadcrumb\"},\"inLanguage\":\"de\",\"potentialAction\":[{\"@type\":\"ReadAction\",\"target\":[\"https:\\\/\\\/ahs-leonding.at\\\/index.php\\\/termine\\\/\"]}]},{\"@type\":\"BreadcrumbList\",\"@id\":\"https:\\\/\\\/ahs-leonding.at\\\/index.php\\\/termine\\\/#breadcrumb\",\"itemListElement\":[{\"@type\":\"ListItem\",\"position\":1,\"name\":\"Start\",\"item\":\"https:\\\/\\\/ahs-leonding.at\\\/\"},{\"@type\":\"ListItem\",\"position\":2,\"name\":\"Schultermine\"}]},{\"@type\":\"WebSite\",\"@id\":\"https:\\\/\\\/ahs-leonding.at\\\/#website\",\"url\":\"https:\\\/\\\/ahs-leonding.at\\\/\",\"name\":\"Digi-AHS Leonding\",\"description\":\"Die AHS mit Digi-Schwerpunkt in Leonding\",\"publisher\":{\"@id\":\"https:\\\/\\\/ahs-leonding.at\\\/#organization\"},\"potentialAction\":[{\"@type\":\"SearchAction\",\"target\":{\"@type\":\"EntryPoint\",\"urlTemplate\":\"https:\\\/\\\/ahs-leonding.at\\\/?s={search_term_string}\"},\"query-input\":{\"@type\":\"PropertyValueSpecification\",\"valueRequired\":true,\"valueName\":\"search_term_string\"}}],\"inLanguage\":\"de\"},{\"@type\":\"Organization\",\"@id\":\"https:\\\/\\\/ahs-leonding.at\\\/#organization\",\"name\":\"Digi-AHS Leonding\",\"url\":\"https:\\\/\\\/ahs-leonding.at\\\/\",\"logo\":{\"@type\":\"ImageObject\",\"inLanguage\":\"de\",\"@id\":\"https:\\\/\\\/ahs-leonding.at\\\/#\\\/schema\\\/logo\\\/image\\\/\",\"url\":\"https:\\\/\\\/ahs-leonding.at\\\/wp-content\\\/uploads\\\/2026\\\/02\\\/digi-AHS.png\",\"contentUrl\":\"https:\\\/\\\/ahs-leonding.at\\\/wp-content\\\/uploads\\\/2026\\\/02\\\/digi-AHS.png\",\"width\":427,\"height\":335,\"caption\":\"Digi-AHS Leonding\"},\"image\":{\"@id\":\"https:\\\/\\\/ahs-leonding.at\\\/#\\\/schema\\\/logo\\\/image\\\/\"}}]}<\/script>\n<!-- \/ Yoast SEO plugin. -->","yoast_head_json":{"title":"Schultermine - Digi-AHS Leonding","description":"Alle Schultermine der Digi-AHS Leonding im \u00dcberblick: Ferien, schulautonome Tage, Elternabende und wichtige Veranstaltungen.","robots":{"index":"index","follow":"follow","max-snippet":"max-snippet:-1","max-image-preview":"max-image-preview:large","max-video-preview":"max-video-preview:-1"},"canonical":"https:\/\/ahs-leonding.at\/index.php\/termine\/","og_locale":"de_DE","og_type":"article","og_title":"Schultermine - Digi-AHS Leonding","og_description":"Alle Schultermine der Digi-AHS Leonding im \u00dcberblick: Ferien, schulautonome Tage, Elternabende und wichtige Veranstaltungen.","og_url":"https:\/\/ahs-leonding.at\/index.php\/termine\/","og_site_name":"Digi-AHS Leonding","article_modified_time":"2026-02-12T10:50:19+00:00","twitter_card":"summary_large_image","twitter_misc":{"Gesch\u00e4tzte Lesezeit":"1\u00a0Minute"},"schema":{"@context":"https:\/\/schema.org","@graph":[{"@type":"WebPage","@id":"https:\/\/ahs-leonding.at\/index.php\/termine\/","url":"https:\/\/ahs-leonding.at\/index.php\/termine\/","name":"Schultermine - Digi-AHS Leonding","isPartOf":{"@id":"https:\/\/ahs-leonding.at\/#website"},"datePublished":"2025-10-30T15:58:31+00:00","dateModified":"2026-02-12T10:50:19+00:00","description":"Alle Schultermine der Digi-AHS Leonding im \u00dcberblick: Ferien, schulautonome Tage, Elternabende und wichtige Veranstaltungen.","breadcrumb":{"@id":"https:\/\/ahs-leonding.at\/index.php\/termine\/#breadcrumb"},"inLanguage":"de","potentialAction":[{"@type":"ReadAction","target":["https:\/\/ahs-leonding.at\/index.php\/termine\/"]}]},{"@type":"BreadcrumbList","@id":"https:\/\/ahs-leonding.at\/index.php\/termine\/#breadcrumb","itemListElement":[{"@type":"ListItem","position":1,"name":"Start","item":"https:\/\/ahs-leonding.at\/"},{"@type":"ListItem","position":2,"name":"Schultermine"}]},{"@type":"WebSite","@id":"https:\/\/ahs-leonding.at\/#website","url":"https:\/\/ahs-leonding.at\/","name":"Digi-AHS Leonding","description":"Die AHS mit Digi-Schwerpunkt in Leonding","publisher":{"@id":"https:\/\/ahs-leonding.at\/#organization"},"potentialAction":[{"@type":"SearchAction","target":{"@type":"EntryPoint","urlTemplate":"https:\/\/ahs-leonding.at\/?s={search_term_string}"},"query-input":{"@type":"PropertyValueSpecification","valueRequired":true,"valueName":"search_term_string"}}],"inLanguage":"de"},{"@type":"Organization","@id":"https:\/\/ahs-leonding.at\/#organization","name":"Digi-AHS Leonding","url":"https:\/\/ahs-leonding.at\/","logo":{"@type":"ImageObject","inLanguage":"de","@id":"https:\/\/ahs-leonding.at\/#\/schema\/logo\/image\/","url":"https:\/\/ahs-leonding.at\/wp-content\/uploads\/2026\/02\/digi-AHS.png","contentUrl":"https:\/\/ahs-leonding.at\/wp-content\/uploads\/2026\/02\/digi-AHS.png","width":427,"height":335,"caption":"Digi-AHS Leonding"},"image":{"@id":"https:\/\/ahs-leonding.at\/#\/schema\/logo\/image\/"}}]}},"jetpack_sharing_enabled":true,"_links":{"self":[{"href":"https:\/\/ahs-leonding.at\/index.php\/wp-json\/wp\/v2\/pages\/443","targetHints":{"allow":["GET"]}}],"collection":[{"href":"https:\/\/ahs-leonding.at\/index.php\/wp-json\/wp\/v2\/pages"}],"about":[{"href":"https:\/\/ahs-leonding.at\/index.php\/wp-json\/wp\/v2\/types\/page"}],"author":[{"embeddable":true,"href":"https:\/\/ahs-leonding.at\/index.php\/wp-json\/wp\/v2\/users\/1"}],"replies":[{"embeddable":true,"href":"https:\/\/ahs-leonding.at\/index.php\/wp-json\/wp\/v2\/comments?post=443"}],"version-history":[{"count":5,"href":"https:\/\/ahs-leonding.at\/index.php\/wp-json\/wp\/v2\/pages\/443\/revisions"}],"predecessor-version":[{"id":815,"href":"https:\/\/ahs-leonding.at\/index.php\/wp-json\/wp\/v2\/pages\/443\/revisions\/815"}],"wp:attachment":[{"href":"https:\/\/ahs-leonding.at\/index.php\/wp-json\/wp\/v2\/media?parent=443"}],"curies":[{"name":"wp","href":"https:\/\/api.w.org\/{rel}","templated":true}]}}